{"id":269,"date":"2022-02-16T21:40:45","date_gmt":"2022-02-17T00:40:45","guid":{"rendered":"http:\/\/gradcon.com.br\/site\/?page_id=269"},"modified":"2022-06-10T10:47:09","modified_gmt":"2022-06-10T13:47:09","slug":"sustentabilidade","status":"publish","type":"page","link":"https:\/\/gradcon.com.br\/site\/sustentabilidade\/","title":{"rendered":"Sustentabilidade"},"content":{"rendered":"\t\t<div data-elementor-type=\"wp-page\" data-elementor-id=\"269\" class=\"elementor elementor-269\" data-elementor-post-type=\"page\">\n\t\t\t\t\t\t<section class=\"elementor-section elementor-top-section elementor-element elementor-element-019a45a elementor-section-stretched elementor-section-boxed elementor-section-height-default elementor-section-height-default wpr-particle-no wpr-jarallax-no wpr-parallax-no wpr-sticky-section-no\" data-id=\"019a45a\" data-element_type=\"section\" data-e-type=\"section\" data-settings=\"{&quot;stretch_section&quot;:&quot;section-stretched&quot;,&quot;background_background&quot;:&quot;classic&quot;}\">\n\t\t\t\t\t\t<div class=\"elementor-container elementor-column-gap-default\">\n\t\t\t\t\t<div class=\"elementor-column elementor-col-100 elementor-top-column elementor-element elementor-element-907ae74\" data-id=\"907ae74\" data-element_type=\"column\" data-e-type=\"column\">\n\t\t\t<div class=\"elementor-widget-wrap elementor-element-populated\">\n\t\t\t\t\t\t<div class=\"elementor-element elementor-element-64e71a4 elementor-widget elementor-widget-image\" data-id=\"64e71a4\" data-element_type=\"widget\" data-e-type=\"widget\" data-widget_type=\"image.default\">\n\t\t\t\t<div class=\"elementor-widget-container\">\n\t\t\t\t\t\t\t\t\t\t\t\t\t\t\t<img fetchpriority=\"high\" decoding=\"async\" width=\"600\" height=\"591\" src=\"https:\/\/gradcon.com.br\/site\/wp-content\/uploads\/2022\/05\/04.png\" class=\"attachment-full size-full wp-image-915\" alt=\"\" srcset=\"https:\/\/gradcon.com.br\/site\/wp-content\/uploads\/2022\/05\/04.png 600w, https:\/\/gradcon.com.br\/site\/wp-content\/uploads\/2022\/05\/04-300x296.png 300w\" sizes=\"(max-width: 600px) 100vw, 600px\" \/>\t\t\t\t\t\t\t\t\t\t\t\t\t\t\t<\/div>\n\t\t\t\t<\/div>\n\t\t\t\t<div class=\"elementor-element elementor-element-f5f4a3a elementor-widget elementor-widget-heading\" data-id=\"f5f4a3a\" data-element_type=\"widget\" data-e-type=\"widget\" data-widget_type=\"heading.default\">\n\t\t\t\t<div class=\"elementor-widget-container\">\n\t\t\t\t\t<h2 class=\"elementor-heading-title elementor-size-default\">Sustentabilidade<\/h2>\t\t\t\t<\/div>\n\t\t\t\t<\/div>\n\t\t\t\t<div class=\"elementor-element elementor-element-94fe4bd elementor-widget elementor-widget-heading\" data-id=\"94fe4bd\" data-element_type=\"widget\" data-e-type=\"widget\" data-widget_type=\"heading.default\">\n\t\t\t\t<div class=\"elementor-widget-container\">\n\t\t\t\t\t<h2 class=\"elementor-heading-title elementor-size-default\">Sustentabilidade \u00e9 um conceito relacionado ao desenvolvimento sustent\u00e1vel, formado por ideias e estrat\u00e9gias de boas pr\u00e1ticas ambientais, que buscam garantir a sobreviv\u00eancia dos recursos naturais do planeta.<\/h2>\t\t\t\t<\/div>\n\t\t\t\t<\/div>\n\t\t\t\t<div class=\"elementor-element elementor-element-3cf73fd elementor-widget elementor-widget-heading\" data-id=\"3cf73fd\" data-element_type=\"widget\" data-e-type=\"widget\" data-widget_type=\"heading.default\">\n\t\t\t\t<div class=\"elementor-widget-container\">\n\t\t\t\t\t<h2 class=\"elementor-heading-title elementor-size-default\">Dito isso, a Gradcon adota atitudes \u00e9ticas sem agredir o meio ambiente, colaborando assim para o desenvolvimento social.<\/h2>\t\t\t\t<\/div>\n\t\t\t\t<\/div>\n\t\t\t\t\t<\/div>\n\t\t<\/div>\n\t\t\t\t\t<\/div>\n\t\t<\/section>\n\t\t\t\t<section class=\"elementor-section elementor-top-section elementor-element elementor-element-43de1fb elementor-section-stretched elementor-section-boxed elementor-section-height-default elementor-section-height-default wpr-particle-no wpr-jarallax-no wpr-parallax-no wpr-sticky-section-no\" data-id=\"43de1fb\" data-element_type=\"section\" data-e-type=\"section\" data-settings=\"{&quot;stretch_section&quot;:&quot;section-stretched&quot;,&quot;background_background&quot;:&quot;classic&quot;}\">\n\t\t\t\t\t\t<div class=\"elementor-container elementor-column-gap-default\">\n\t\t\t\t\t<div class=\"elementor-column elementor-col-100 elementor-top-column elementor-element elementor-element-7547241\" data-id=\"7547241\" data-element_type=\"column\" data-e-type=\"column\">\n\t\t\t<div class=\"elementor-widget-wrap elementor-element-populated\">\n\t\t\t\t\t\t<div class=\"elementor-element elementor-element-49cfd7f elementor-widget elementor-widget-image\" data-id=\"49cfd7f\" data-element_type=\"widget\" data-e-type=\"widget\" data-widget_type=\"image.default\">\n\t\t\t\t<div class=\"elementor-widget-container\">\n\t\t\t\t\t\t\t\t\t\t\t\t\t\t\t<img decoding=\"async\" width=\"600\" height=\"591\" src=\"https:\/\/gradcon.com.br\/site\/wp-content\/uploads\/2022\/05\/05.png\" class=\"attachment-full size-full wp-image-916\" alt=\"\" srcset=\"https:\/\/gradcon.com.br\/site\/wp-content\/uploads\/2022\/05\/05.png 600w, https:\/\/gradcon.com.br\/site\/wp-content\/uploads\/2022\/05\/05-300x296.png 300w\" sizes=\"(max-width: 600px) 100vw, 600px\" \/>\t\t\t\t\t\t\t\t\t\t\t\t\t\t\t<\/div>\n\t\t\t\t<\/div>\n\t\t\t\t<div class=\"elementor-element elementor-element-7873654 elementor-widget elementor-widget-heading\" data-id=\"7873654\" data-element_type=\"widget\" data-e-type=\"widget\" data-widget_type=\"heading.default\">\n\t\t\t\t<div class=\"elementor-widget-container\">\n\t\t\t\t\t<h2 class=\"elementor-heading-title elementor-size-default\">Escolha sustent\u00e1vel<\/h2>\t\t\t\t<\/div>\n\t\t\t\t<\/div>\n\t\t\t\t<div class=\"elementor-element elementor-element-848f137 elementor-widget elementor-widget-heading\" data-id=\"848f137\" data-element_type=\"widget\" data-e-type=\"widget\" data-widget_type=\"heading.default\">\n\t\t\t\t<div class=\"elementor-widget-container\">\n\t\t\t\t\t<h2 class=\"elementor-heading-title elementor-size-default\">Algumas das a\u00e7\u00f5es aplicadas, \u00e9 a escolha do combust\u00edvel etanol em nossos ve\u00edculos, o qual traz vantagens em diferentes aspectos. Entre as suas grandes qualidades, est\u00e1 o fato de ser renov\u00e1vel, limpo e autossustent\u00e1vel.<\/h2>\t\t\t\t<\/div>\n\t\t\t\t<\/div>\n\t\t\t\t<div class=\"elementor-element elementor-element-7021913 elementor-widget elementor-widget-heading\" data-id=\"7021913\" data-element_type=\"widget\" data-e-type=\"widget\" data-widget_type=\"heading.default\">\n\t\t\t\t<div class=\"elementor-widget-container\">\n\t\t\t\t\t<h2 class=\"elementor-heading-title elementor-size-default\">A emiss\u00e3o de gases por combust\u00edveis f\u00f3sseis tem sido um dos grandes causadores do aumento do efeito estufa e a utiliza\u00e7\u00e3o de biocombust\u00edveis como o etanol que lan\u00e7a menos C02 \u00e0 atmosfera pelo fato de ser extra\u00eddo da cana-de-a\u00e7\u00facar, o torna uma excelente op\u00e7\u00e3o.<\/h2>\t\t\t\t<\/div>\n\t\t\t\t<\/div>\n\t\t\t\t\t<\/div>\n\t\t<\/div>\n\t\t\t\t\t<\/div>\n\t\t<\/section>\n\t\t\t\t<section class=\"elementor-section elementor-top-section elementor-element elementor-element-99e78cc elementor-section-stretched elementor-section-boxed elementor-section-height-default elementor-section-height-default wpr-particle-no wpr-jarallax-no wpr-parallax-no wpr-sticky-section-no\" data-id=\"99e78cc\" data-element_type=\"section\" data-e-type=\"section\" data-settings=\"{&quot;stretch_section&quot;:&quot;section-stretched&quot;,&quot;background_background&quot;:&quot;classic&quot;}\">\n\t\t\t\t\t\t<div class=\"elementor-container elementor-column-gap-default\">\n\t\t\t\t\t<div class=\"elementor-column elementor-col-100 elementor-top-column elementor-element elementor-element-ec6a560\" data-id=\"ec6a560\" data-element_type=\"column\" data-e-type=\"column\">\n\t\t\t<div class=\"elementor-widget-wrap elementor-element-populated\">\n\t\t\t\t\t\t<div class=\"elementor-element elementor-element-129a6ac elementor-widget elementor-widget-image\" data-id=\"129a6ac\" data-element_type=\"widget\" data-e-type=\"widget\" data-widget_type=\"image.default\">\n\t\t\t\t<div class=\"elementor-widget-container\">\n\t\t\t\t\t\t\t\t\t\t\t\t\t\t\t<img decoding=\"async\" width=\"600\" height=\"591\" src=\"https:\/\/gradcon.com.br\/site\/wp-content\/uploads\/2022\/05\/06.png\" class=\"attachment-full size-full wp-image-917\" alt=\"\" srcset=\"https:\/\/gradcon.com.br\/site\/wp-content\/uploads\/2022\/05\/06.png 600w, https:\/\/gradcon.com.br\/site\/wp-content\/uploads\/2022\/05\/06-300x296.png 300w\" sizes=\"(max-width: 600px) 100vw, 600px\" \/>\t\t\t\t\t\t\t\t\t\t\t\t\t\t\t<\/div>\n\t\t\t\t<\/div>\n\t\t\t\t<div class=\"elementor-element elementor-element-def9d26 elementor-widget elementor-widget-heading\" data-id=\"def9d26\" data-element_type=\"widget\" data-e-type=\"widget\" data-widget_type=\"heading.default\">\n\t\t\t\t<div class=\"elementor-widget-container\">\n\t\t\t\t\t<h2 class=\"elementor-heading-title elementor-size-default\">Reciclagem<\/h2>\t\t\t\t<\/div>\n\t\t\t\t<\/div>\n\t\t\t\t<div class=\"elementor-element elementor-element-c406b72 elementor-widget elementor-widget-heading\" data-id=\"c406b72\" data-element_type=\"widget\" data-e-type=\"widget\" data-widget_type=\"heading.default\">\n\t\t\t\t<div class=\"elementor-widget-container\">\n\t\t\t\t\t<h2 class=\"elementor-heading-title elementor-size-default\">A reciclagem de pneus \u00e9 outra a\u00e7\u00e3o praticada pela Gradcon, a qual promove a destina\u00e7\u00e3o ambiental correta dos pneus utilizados em sua frota.<\/h2>\t\t\t\t<\/div>\n\t\t\t\t<\/div>\n\t\t\t\t<div class=\"elementor-element elementor-element-7b54648 elementor-widget elementor-widget-heading\" data-id=\"7b54648\" data-element_type=\"widget\" data-e-type=\"widget\" data-widget_type=\"heading.default\">\n\t\t\t\t<div class=\"elementor-widget-container\">\n\t\t\t\t\t<h2 class=\"elementor-heading-title elementor-size-default\">O descarte irregular pode causar s\u00e9rios danos ao meio ambiente, pois o produto demora em m\u00e9dia 600 anos para se decompor. Quando queimado ao ar livre, emite gases poluentes na atmosfera e pode contaminar os len\u00e7\u00f3is fre\u00e1ticos.<\/h2>\t\t\t\t<\/div>\n\t\t\t\t<\/div>\n\t\t\t\t<div class=\"elementor-element elementor-element-7afb4bf elementor-widget elementor-widget-heading\" data-id=\"7afb4bf\" data-element_type=\"widget\" data-e-type=\"widget\" data-widget_type=\"heading.default\">\n\t\t\t\t<div class=\"elementor-widget-container\">\n\t\t\t\t\t<h2 class=\"elementor-heading-title elementor-size-default\">Contamos tamb\u00e9m com a coleta seletiva, em que separamos todo o lixo produzido na empresa em METAL, VIDRO, PL\u00c1STICO, PAPEL E LIXO ORG\u00c2NICO.<\/h2>\t\t\t\t<\/div>\n\t\t\t\t<\/div>\n\t\t\t\t<div class=\"elementor-element elementor-element-91beb52 elementor-widget elementor-widget-heading\" data-id=\"91beb52\" data-element_type=\"widget\" data-e-type=\"widget\" data-widget_type=\"heading.default\">\n\t\t\t\t<div class=\"elementor-widget-container\">\n\t\t\t\t\t<h2 class=\"elementor-heading-title elementor-size-default\">Lembrando sempre que pilhas, baterias, \u00f3leo de cozinha, l\u00e2mpadas e pe\u00e7as de computadores n\u00e3o s\u00e3o recicl\u00e1veis, tendo um local apropriado de descarte.<\/h2>\t\t\t\t<\/div>\n\t\t\t\t<\/div>\n\t\t\t\t<div class=\"elementor-element elementor-element-1f7153e elementor-widget elementor-widget-heading\" data-id=\"1f7153e\" data-element_type=\"widget\" data-e-type=\"widget\" data-widget_type=\"heading.default\">\n\t\t\t\t<div class=\"elementor-widget-container\">\n\t\t\t\t\t<h2 class=\"elementor-heading-title elementor-size-default\">Anualmente somos avaliados nos crit\u00e9rios de meio ambiente, pr\u00e1ticas justas de trabalho\/pr\u00e1ticas comerciais justas\/\u00e9ticas e cadeia de suprimentos, por uma conceituada empresa que elabora rankings de sustentabilidade, atestando nossa preocupa\u00e7\u00e3o com a \u00e9tica, moral e futuro do planeta.<\/h2>\t\t\t\t<\/div>\n\t\t\t\t<\/div>\n\t\t\t\t\t<\/div>\n\t\t<\/div>\n\t\t\t\t\t<\/div>\n\t\t<\/section>\n\t\t\t\t<\/div>\n\t\t","protected":false},"excerpt":{"rendered":"<p>Sustentabilidade Sustentabilidade \u00e9 um conceito relacionado ao desenvolvimento sustent\u00e1vel, formado por ideias e estrat\u00e9gias de boas pr\u00e1ticas ambientais, que buscam garantir a sobreviv\u00eancia dos recursos naturais do planeta. Dito isso, a Gradcon adota atitudes \u00e9ticas sem agredir o meio ambiente, colaborando assim para o desenvolvimento social. Escolha sustent\u00e1vel Algumas das a\u00e7\u00f5es aplicadas, \u00e9 a escolha do combust\u00edvel etanol em nossos ve\u00edculos, o qual traz vantagens em diferentes aspectos. Entre as suas grandes qualidades, est\u00e1 o fato de ser renov\u00e1vel, limpo e autossustent\u00e1vel. A emiss\u00e3o de gases por combust\u00edveis f\u00f3sseis tem sido um dos grandes causadores do aumento do efeito estufa e a utiliza\u00e7\u00e3o de biocombust\u00edveis como o etanol que lan\u00e7a menos C02 \u00e0 atmosfera pelo fato de ser extra\u00eddo da cana-de-a\u00e7\u00facar, o torna uma excelente op\u00e7\u00e3o. Reciclagem A reciclagem de pneus \u00e9 outra a\u00e7\u00e3o praticada pela Gradcon, a qual promove a destina\u00e7\u00e3o ambiental correta dos pneus utilizados em sua frota. O descarte irregular pode causar s\u00e9rios danos ao meio ambiente, pois o produto demora em m\u00e9dia 600 anos para se decompor. Quando queimado ao ar livre, emite gases poluentes na atmosfera e pode contaminar os len\u00e7\u00f3is fre\u00e1ticos. Contamos tamb\u00e9m com a coleta seletiva, em que separamos todo o lixo produzido na empresa em METAL, VIDRO, PL\u00c1STICO, PAPEL E LIXO ORG\u00c2NICO. Lembrando sempre que pilhas, baterias, \u00f3leo de cozinha, l\u00e2mpadas e pe\u00e7as de computadores n\u00e3o s\u00e3o recicl\u00e1veis, tendo um local apropriado de descarte. Anualmente somos avaliados nos crit\u00e9rios de meio ambiente, pr\u00e1ticas justas de trabalho\/pr\u00e1ticas comerciais justas\/\u00e9ticas e cadeia de suprimentos, por uma conceituada empresa que elabora rankings de sustentabilidade, atestando nossa preocupa\u00e7\u00e3o com a \u00e9tica, moral e futuro do planeta.<\/p>\n","protected":false},"author":1,"featured_media":0,"parent":0,"menu_order":0,"comment_status":"closed","ping_status":"closed","template":"elementor_header_footer","meta":{"_joinchat":[],"footnotes":""},"class_list":["post-269","page","type-page","status-publish","hentry"],"_links":{"self":[{"href":"https:\/\/gradcon.com.br\/site\/wp-json\/wp\/v2\/pages\/269","targetHints":{"allow":["GET"]}}],"collection":[{"href":"https:\/\/gradcon.com.br\/site\/wp-json\/wp\/v2\/pages"}],"about":[{"href":"https:\/\/gradcon.com.br\/site\/wp-json\/wp\/v2\/types\/page"}],"author":[{"embeddable":true,"href":"https:\/\/gradcon.com.br\/site\/wp-json\/wp\/v2\/users\/1"}],"replies":[{"embeddable":true,"href":"https:\/\/gradcon.com.br\/site\/wp-json\/wp\/v2\/comments?post=269"}],"version-history":[{"count":0,"href":"https:\/\/gradcon.com.br\/site\/wp-json\/wp\/v2\/pages\/269\/revisions"}],"wp:attachment":[{"href":"https:\/\/gradcon.com.br\/site\/wp-json\/wp\/v2\/media?parent=269"}],"curies":[{"name":"wp","href":"https:\/\/api.w.org\/{rel}","templated":true}]}}