{"id":265,"date":"2022-02-16T21:39:45","date_gmt":"2022-02-17T00:39:45","guid":{"rendered":"http:\/\/gradcon.com.br\/site\/?page_id=265"},"modified":"2025-02-04T11:26:54","modified_gmt":"2025-02-04T14:26:54","slug":"certificados","status":"publish","type":"page","link":"https:\/\/gradcon.com.br\/site\/certificados\/","title":{"rendered":"Certificados"},"content":{"rendered":"\t\t<div data-elementor-type=\"wp-page\" data-elementor-id=\"265\" class=\"elementor elementor-265\" data-elementor-post-type=\"page\">\n\t\t\t\t\t\t<section class=\"elementor-section elementor-top-section elementor-element elementor-element-938f27b elementor-section-stretched elementor-section-boxed elementor-section-height-default elementor-section-height-default wpr-particle-no wpr-jarallax-no wpr-parallax-no wpr-sticky-section-no\" data-id=\"938f27b\" data-element_type=\"section\" data-e-type=\"section\" data-settings=\"{&quot;stretch_section&quot;:&quot;section-stretched&quot;,&quot;background_background&quot;:&quot;classic&quot;}\">\n\t\t\t\t\t\t<div class=\"elementor-container elementor-column-gap-default\">\n\t\t\t\t\t<div class=\"elementor-column elementor-col-50 elementor-top-column elementor-element elementor-element-b8a1ce5\" data-id=\"b8a1ce5\" data-element_type=\"column\" data-e-type=\"column\">\n\t\t\t<div class=\"elementor-widget-wrap elementor-element-populated\">\n\t\t\t\t\t\t<div class=\"elementor-element elementor-element-6e26708 elementor-widget elementor-widget-image\" data-id=\"6e26708\" data-element_type=\"widget\" data-e-type=\"widget\" data-widget_type=\"image.default\">\n\t\t\t\t<div class=\"elementor-widget-container\">\n\t\t\t\t\t\t\t\t\t\t\t\t\t\t\t<img fetchpriority=\"high\" decoding=\"async\" width=\"640\" height=\"640\" src=\"https:\/\/gradcon.com.br\/site\/wp-content\/uploads\/2022\/05\/WhatsApp-Image-2022-05-17-at-15.04.png\" class=\"attachment-full size-full wp-image-831\" alt=\"\" srcset=\"https:\/\/gradcon.com.br\/site\/wp-content\/uploads\/2022\/05\/WhatsApp-Image-2022-05-17-at-15.04.png 640w, https:\/\/gradcon.com.br\/site\/wp-content\/uploads\/2022\/05\/WhatsApp-Image-2022-05-17-at-15.04-300x300.png 300w, https:\/\/gradcon.com.br\/site\/wp-content\/uploads\/2022\/05\/WhatsApp-Image-2022-05-17-at-15.04-150x150.png 150w, https:\/\/gradcon.com.br\/site\/wp-content\/uploads\/2022\/05\/WhatsApp-Image-2022-05-17-at-15.04-450x450.png 450w\" sizes=\"(max-width: 640px) 100vw, 640px\" \/>\t\t\t\t\t\t\t\t\t\t\t\t\t\t\t<\/div>\n\t\t\t\t<\/div>\n\t\t\t\t\t<\/div>\n\t\t<\/div>\n\t\t\t\t<div class=\"elementor-column elementor-col-50 elementor-top-column elementor-element elementor-element-b29e47d\" data-id=\"b29e47d\" data-element_type=\"column\" data-e-type=\"column\">\n\t\t\t<div class=\"elementor-widget-wrap elementor-element-populated\">\n\t\t\t\t\t\t<div class=\"elementor-element elementor-element-b00a62c elementor-widget elementor-widget-heading\" data-id=\"b00a62c\" data-element_type=\"widget\" data-e-type=\"widget\" data-widget_type=\"heading.default\">\n\t\t\t\t<div class=\"elementor-widget-container\">\n\t\t\t\t\t<h2 class=\"elementor-heading-title elementor-size-default\">Certificados<\/h2>\t\t\t\t<\/div>\n\t\t\t\t<\/div>\n\t\t\t\t\t<\/div>\n\t\t<\/div>\n\t\t\t\t\t<\/div>\n\t\t<\/section>\n\t\t\t\t<section class=\"elementor-section elementor-top-section elementor-element elementor-element-27f7b46 elementor-section-stretched elementor-section-boxed elementor-section-height-default elementor-section-height-default wpr-particle-no wpr-jarallax-no wpr-parallax-no wpr-sticky-section-no\" data-id=\"27f7b46\" data-element_type=\"section\" data-e-type=\"section\" data-settings=\"{&quot;stretch_section&quot;:&quot;section-stretched&quot;,&quot;background_background&quot;:&quot;classic&quot;}\">\n\t\t\t\t\t\t<div class=\"elementor-container elementor-column-gap-default\">\n\t\t\t\t\t<div class=\"elementor-column elementor-col-100 elementor-top-column elementor-element elementor-element-6c35001\" data-id=\"6c35001\" data-element_type=\"column\" data-e-type=\"column\">\n\t\t\t<div class=\"elementor-widget-wrap elementor-element-populated\">\n\t\t\t\t\t\t<div class=\"elementor-element elementor-element-892b518 elementor-widget elementor-widget-heading\" data-id=\"892b518\" data-element_type=\"widget\" data-e-type=\"widget\" data-widget_type=\"heading.default\">\n\t\t\t\t<div class=\"elementor-widget-container\">\n\t\t\t\t\t<h2 class=\"elementor-heading-title elementor-size-default\">Somos uma empresa devidamente credenciada e autorizada pela Pol\u00edcia Federal e demais \u00f3rg\u00e3os competentes.<\/h2>\t\t\t\t<\/div>\n\t\t\t\t<\/div>\n\t\t\t\t<div class=\"elementor-element elementor-element-e1f26c0 elementor-widget elementor-widget-heading\" data-id=\"e1f26c0\" data-element_type=\"widget\" data-e-type=\"widget\" data-widget_type=\"heading.default\">\n\t\t\t\t<div class=\"elementor-widget-container\">\n\t\t\t\t\t<span class=\"elementor-heading-title elementor-size-default\">Exercemos servi\u00e7os de seguran\u00e7a e prote\u00e7\u00e3o patrimonial, obtendo as seguintes licen\u00e7as:<\/span>\t\t\t\t<\/div>\n\t\t\t\t<\/div>\n\t\t\t\t<div class=\"elementor-element elementor-element-4fb72c1 elementor-widget elementor-widget-heading\" data-id=\"4fb72c1\" data-element_type=\"widget\" data-e-type=\"widget\" data-widget_type=\"heading.default\">\n\t\t\t\t<div class=\"elementor-widget-container\">\n\t\t\t\t\t<span class=\"elementor-heading-title elementor-size-default\">- Portaria de autoriza\u00e7\u00e3o para funcionamento n\u00famero DPF 982 de 04\/09\/1997;<\/span>\t\t\t\t<\/div>\n\t\t\t\t<\/div>\n\t\t\t\t<div class=\"elementor-element elementor-element-95029f1 elementor-widget elementor-widget-heading\" data-id=\"95029f1\" data-element_type=\"widget\" data-e-type=\"widget\" data-widget_type=\"heading.default\">\n\t\t\t\t<div class=\"elementor-widget-container\">\n\t\t\t\t\t<span class=\"elementor-heading-title elementor-size-default\">- Portaria de autoriza\u00e7\u00e3o para o servi\u00e7o de escolta armada n\u00famero DPF 0068 de 02\/02\/1999;<\/span>\t\t\t\t<\/div>\n\t\t\t\t<\/div>\n\t\t\t\t<div class=\"elementor-element elementor-element-fd13c30 elementor-widget elementor-widget-heading\" data-id=\"fd13c30\" data-element_type=\"widget\" data-e-type=\"widget\" data-widget_type=\"heading.default\">\n\t\t\t\t<div class=\"elementor-widget-container\">\n\t\t\t\t\t<span class=\"elementor-heading-title elementor-size-default\">- Alvar\u00e1 n\u00famero 64 de 06\/01\/2015 - Autorizando a atividade de seguran\u00e7a pessoal;<\/span>\t\t\t\t<\/div>\n\t\t\t\t<\/div>\n\t\t\t\t<div class=\"elementor-element elementor-element-dd8d018 elementor-widget elementor-widget-heading\" data-id=\"dd8d018\" data-element_type=\"widget\" data-e-type=\"widget\" data-widget_type=\"heading.default\">\n\t\t\t\t<div class=\"elementor-widget-container\">\n\t\t\t\t\t<span class=\"elementor-heading-title elementor-size-default\">- Certificado de regularidade anual de funcionamento;<\/span>\t\t\t\t<\/div>\n\t\t\t\t<\/div>\n\t\t\t\t<div class=\"elementor-element elementor-element-8275025 elementor-widget elementor-widget-heading\" data-id=\"8275025\" data-element_type=\"widget\" data-e-type=\"widget\" data-widget_type=\"heading.default\">\n\t\t\t\t<div class=\"elementor-widget-container\">\n\t\t\t\t\t<span class=\"elementor-heading-title elementor-size-default\">- Alvar\u00e1 de revis\u00e3o de autoriza\u00e7\u00e3o de funcionamento;<\/span>\t\t\t\t<\/div>\n\t\t\t\t<\/div>\n\t\t\t\t<div class=\"elementor-element elementor-element-153b7ca elementor-widget elementor-widget-heading\" data-id=\"153b7ca\" data-element_type=\"widget\" data-e-type=\"widget\" data-widget_type=\"heading.default\">\n\t\t\t\t<div class=\"elementor-widget-container\">\n\t\t\t\t\t<span class=\"elementor-heading-title elementor-size-default\">- Certificado de responsabilidade ambiental;<\/span>\t\t\t\t<\/div>\n\t\t\t\t<\/div>\n\t\t\t\t<div class=\"elementor-element elementor-element-5ec6c08 elementor-widget elementor-widget-heading\" data-id=\"5ec6c08\" data-element_type=\"widget\" data-e-type=\"widget\" data-widget_type=\"heading.default\">\n\t\t\t\t<div class=\"elementor-widget-container\">\n\t\t\t\t\t<span class=\"elementor-heading-title elementor-size-default\">- Certificado de credibilidade;<\/span>\t\t\t\t<\/div>\n\t\t\t\t<\/div>\n\t\t\t\t<div class=\"elementor-element elementor-element-c9e0c05 elementor-widget elementor-widget-heading\" data-id=\"c9e0c05\" data-element_type=\"widget\" data-e-type=\"widget\" data-widget_type=\"heading.default\">\n\t\t\t\t<div class=\"elementor-widget-container\">\n\t\t\t\t\t<span class=\"elementor-heading-title elementor-size-default\">- SEA - Selo de Escolta Armada (seguran\u00e7a e qualidade nos servi\u00e7os prestados)\u00a0-\u00a0BRTUV\u00a0NORD<\/span>\t\t\t\t<\/div>\n\t\t\t\t<\/div>\n\t\t\t\t\t<\/div>\n\t\t<\/div>\n\t\t\t\t\t<\/div>\n\t\t<\/section>\n\t\t\t\t<\/div>\n\t\t","protected":false},"excerpt":{"rendered":"<p>Certificados Somos uma empresa devidamente credenciada e autorizada pela Pol\u00edcia Federal e demais \u00f3rg\u00e3os competentes. Exercemos servi\u00e7os de seguran\u00e7a e prote\u00e7\u00e3o patrimonial, obtendo as seguintes licen\u00e7as: &#8211; Portaria de autoriza\u00e7\u00e3o para funcionamento n\u00famero DPF 982 de 04\/09\/1997; &#8211; Portaria de autoriza\u00e7\u00e3o para o servi\u00e7o de escolta armada n\u00famero DPF 0068 de 02\/02\/1999; &#8211; Alvar\u00e1 n\u00famero 64 de 06\/01\/2015 &#8211; Autorizando a atividade de seguran\u00e7a pessoal; &#8211; Certificado de regularidade anual de funcionamento; &#8211; Alvar\u00e1 de revis\u00e3o de autoriza\u00e7\u00e3o de funcionamento; &#8211; Certificado de responsabilidade ambiental; &#8211; Certificado de credibilidade; &#8211; SEA &#8211; Selo de Escolta Armada (seguran\u00e7a e qualidade nos servi\u00e7os prestados)\u00a0&#8211;\u00a0BRTUV\u00a0NORD<\/p>\n","protected":false},"author":1,"featured_media":0,"parent":0,"menu_order":0,"comment_status":"closed","ping_status":"closed","template":"elementor_header_footer","meta":{"_joinchat":[],"footnotes":""},"class_list":["post-265","page","type-page","status-publish","hentry"],"_links":{"self":[{"href":"https:\/\/gradcon.com.br\/site\/wp-json\/wp\/v2\/pages\/265","targetHints":{"allow":["GET"]}}],"collection":[{"href":"https:\/\/gradcon.com.br\/site\/wp-json\/wp\/v2\/pages"}],"about":[{"href":"https:\/\/gradcon.com.br\/site\/wp-json\/wp\/v2\/types\/page"}],"author":[{"embeddable":true,"href":"https:\/\/gradcon.com.br\/site\/wp-json\/wp\/v2\/users\/1"}],"replies":[{"embeddable":true,"href":"https:\/\/gradcon.com.br\/site\/wp-json\/wp\/v2\/comments?post=265"}],"version-history":[{"count":9,"href":"https:\/\/gradcon.com.br\/site\/wp-json\/wp\/v2\/pages\/265\/revisions"}],"predecessor-version":[{"id":5975,"href":"https:\/\/gradcon.com.br\/site\/wp-json\/wp\/v2\/pages\/265\/revisions\/5975"}],"wp:attachment":[{"href":"https:\/\/gradcon.com.br\/site\/wp-json\/wp\/v2\/media?parent=265"}],"curies":[{"name":"wp","href":"https:\/\/api.w.org\/{rel}","templated":true}]}}