{"id":259,"date":"2022-02-16T21:39:31","date_gmt":"2022-02-17T00:39:31","guid":{"rendered":"http:\/\/gradcon.com.br\/site\/?page_id=259"},"modified":"2024-10-16T16:09:26","modified_gmt":"2024-10-16T19:09:26","slug":"a-empresa","status":"publish","type":"page","link":"https:\/\/gradcon.com.br\/site\/a-empresa\/","title":{"rendered":"A Empresa"},"content":{"rendered":"\t\t<div data-elementor-type=\"wp-page\" data-elementor-id=\"259\" class=\"elementor elementor-259\" data-elementor-post-type=\"page\">\n\t\t\t\t\t\t<section class=\"elementor-section elementor-top-section elementor-element elementor-element-51e196f elementor-section-stretched elementor-section-boxed elementor-section-height-default elementor-section-height-default wpr-particle-no wpr-jarallax-no wpr-parallax-no wpr-sticky-section-no\" data-id=\"51e196f\" data-element_type=\"section\" data-e-type=\"section\" data-settings=\"{&quot;stretch_section&quot;:&quot;section-stretched&quot;,&quot;background_background&quot;:&quot;classic&quot;}\">\n\t\t\t\t\t\t\t<div class=\"elementor-background-overlay\"><\/div>\n\t\t\t\t\t\t\t<div class=\"elementor-container elementor-column-gap-default\">\n\t\t\t\t\t<div class=\"elementor-column elementor-col-100 elementor-top-column elementor-element elementor-element-6c2ef35\" data-id=\"6c2ef35\" data-element_type=\"column\" data-e-type=\"column\">\n\t\t\t<div class=\"elementor-widget-wrap elementor-element-populated\">\n\t\t\t\t\t\t<div class=\"elementor-element elementor-element-92f3dd5 elementor-widget elementor-widget-heading\" data-id=\"92f3dd5\" data-element_type=\"widget\" data-e-type=\"widget\" data-widget_type=\"heading.default\">\n\t\t\t\t<div class=\"elementor-widget-container\">\n\t\t\t\t\t<h2 class=\"elementor-heading-title elementor-size-default\">A Gradcon<\/h2>\t\t\t\t<\/div>\n\t\t\t\t<\/div>\n\t\t\t\t\t<\/div>\n\t\t<\/div>\n\t\t\t\t\t<\/div>\n\t\t<\/section>\n\t\t\t\t<section class=\"elementor-section elementor-top-section elementor-element elementor-element-c6ea614 elementor-section-stretched elementor-section-boxed elementor-section-height-default elementor-section-height-default wpr-particle-no wpr-jarallax-no wpr-parallax-no wpr-sticky-section-no\" data-id=\"c6ea614\" data-element_type=\"section\" data-e-type=\"section\" data-settings=\"{&quot;stretch_section&quot;:&quot;section-stretched&quot;}\">\n\t\t\t\t\t\t<div class=\"elementor-container elementor-column-gap-default\">\n\t\t\t\t\t<div class=\"elementor-column elementor-col-100 elementor-top-column elementor-element elementor-element-4329fb7\" data-id=\"4329fb7\" data-element_type=\"column\" data-e-type=\"column\">\n\t\t\t<div class=\"elementor-widget-wrap elementor-element-populated\">\n\t\t\t\t\t\t<div class=\"elementor-element elementor-element-64e8853 elementor-hidden-desktop elementor-hidden-tablet elementor-hidden-mobile elementor-widget elementor-widget-eael-adv-tabs\" data-id=\"64e8853\" data-element_type=\"widget\" data-e-type=\"widget\" data-widget_type=\"eael-adv-tabs.default\">\n\t\t\t\t<div class=\"elementor-widget-container\">\n\t\t\t\t\t        <div data-scroll-on-click=\"no\" data-scroll-speed=\"300\" id=\"eael-advance-tabs-64e8853\" class=\"eael-advance-tabs eael-tabs-horizontal eael-tab-auto-active \" data-tabid=\"64e8853\">\n            <div class=\"eael-tabs-nav \">\n                <ul class=\"eael-tab-inline-icon\" role=\"tablist\">\n                                            <li id=\"1995\" class=\"inactive eael-tab-item-trigger eael-tab-nav-item\" aria-selected=\"true\" data-tab=\"1\" role=\"tab\" tabindex=\"0\" aria-controls=\"1995-tab\" aria-expanded=\"false\">\n                            \n                                                                <i class=\"icon icon-double-angle-pointing-to-right\"><\/i>                                                            \n                                                            <span class=\"eael-tab-title title-after-icon\" >1995<\/span>                            \n                                                    <\/li>\n                                            <li id=\"1997\" class=\"inactive eael-tab-item-trigger eael-tab-nav-item\" aria-selected=\"false\" data-tab=\"2\" role=\"tab\" tabindex=\"-1\" aria-controls=\"1997-tab\" aria-expanded=\"false\">\n                            \n                                                                <i class=\"icon icon-double-angle-pointing-to-right\"><\/i>                                                            \n                                                            <span class=\"eael-tab-title title-after-icon\" >1997<\/span>                            \n                                                    <\/li>\n                                            <li id=\"1999\" class=\"inactive eael-tab-item-trigger eael-tab-nav-item\" aria-selected=\"false\" data-tab=\"3\" role=\"tab\" tabindex=\"-1\" aria-controls=\"1999-tab\" aria-expanded=\"false\">\n                            \n                                                                <i class=\"icon icon-double-angle-pointing-to-right\"><\/i>                                                            \n                                                            <span class=\"eael-tab-title title-after-icon\" >1999<\/span>                            \n                                                    <\/li>\n                                            <li id=\"2000\" class=\"inactive eael-tab-item-trigger eael-tab-nav-item\" aria-selected=\"false\" data-tab=\"4\" role=\"tab\" tabindex=\"-1\" aria-controls=\"2000-tab\" aria-expanded=\"false\">\n                            \n                                                                <i class=\"icon icon-double-angle-pointing-to-right\"><\/i>                                                            \n                                                            <span class=\"eael-tab-title title-after-icon\" >2000<\/span>                            \n                                                    <\/li>\n                    \n                                  <\/ul>\n            <\/div>\n            \n            <div class=\"eael-tabs-content\">\n\t\t        \n                    <div id=\"1995-tab\" class=\"clearfix eael-tab-content-item inactive\" data-title-link=\"1995-tab\">\n\t\t\t\t        Em 1995 foi criada a Empresa GRADCON PRESTA\u00c7\u00c3O DE SERVI\u00c7OS, sediada no tradicional bairro do Piqueri, zona oeste da cidade de S\u00e3o Paulo, com a miss\u00e3o de prestar servi\u00e7os de portaria e rondas motorizadas no Condom\u00ednio Parque dos Pr\u00edncipes.                    <\/div>\n\t\t        \n                    <div id=\"1997-tab\" class=\"clearfix eael-tab-content-item inactive\" data-title-link=\"1997-tab\">\n\t\t\t\t        Pela excel\u00eancia na presta\u00e7\u00e3o de servi\u00e7os, seus idealizadores criaram em 12 de Maio de 1997 a GRADCON SEGURAN\u00c7A PATRIMONIAL, sediada na Rua Ambr\u00f3sia do M\u00e9xico 216, no bairro Jardim Cidade Pirituba, em S\u00e3o Paulo, com a miss\u00e3o de realizar seguran\u00e7a patrimonial.                    <\/div>\n\t\t        \n                    <div id=\"1999-tab\" class=\"clearfix eael-tab-content-item inactive\" data-title-link=\"1999-tab\">\n\t\t\t\t        A partir de 1999 passou a atuar na prote\u00e7\u00e3o do transporte de produtos com os servi\u00e7os de Escolta Armada, integrando projeto de seguran\u00e7a e escolta de eletr\u00f4nicos para S\u00e3o Paulo; no mesmo per\u00edodo passou a atuar na prote\u00e7\u00e3o da distribui\u00e7\u00e3o de cigarros pela empresa Souza Cruz em diversas comunidades das cidades de S\u00e3o Paulo e Regi\u00e3o, S\u00e3o Jos\u00e9 dos Campos e Litoral.                    <\/div>\n\t\t        \n                    <div id=\"2000-tab\" class=\"clearfix eael-tab-content-item inactive\" data-title-link=\"2000-tab\">\n\t\t\t\t        A partir de 2000, iniciou a prote\u00e7\u00e3o de medicamentos, especializando-se desta forma nos servi\u00e7os de Escolta Armada.                    <\/div>\n\t\t                    <\/div>\n        <\/div>\n\t\t\t\t<\/div>\n\t\t\t\t<\/div>\n\t\t\t\t<div class=\"elementor-element elementor-element-60e1762 elementor-widget elementor-widget-text-editor\" data-id=\"60e1762\" data-element_type=\"widget\" data-e-type=\"widget\" data-widget_type=\"text-editor.default\">\n\t\t\t\t<div class=\"elementor-widget-container\">\n\t\t\t\t\t\t\t\t\t<p>MISS\u00c3O<\/p><p>A Gradcon tem como objetivo realizar a\u00e7\u00f5es legais de prote\u00e7\u00e3o pessoal e patrimonial, proporcionar o mais alto n\u00edvel de qualidade de seguran\u00e7a com postos patrimoniais e escolta armada.<\/p><p>VALORES<\/p><p>Comprometimento, seriedade, honestidade, credibilidade, disciplina, trabalho em equipe, respeito \u00e0 vida e dignidade humana e ao patrim\u00f4nio.<\/p><p>VIS\u00c3O DE FUTURO<\/p><p>Ser, de forma sustent\u00e1vel, a melhor empresa de escolta armada do Brasil, gerenciando todos os servi\u00e7os e riscos existentes nesta atividade, ampliando os postos de seguran\u00e7a patrimonial, respeitando sempre os preceitos \u00e9ticos e legais.<\/p>\t\t\t\t\t\t\t\t<\/div>\n\t\t\t\t<\/div>\n\t\t\t\t<div class=\"elementor-element elementor-element-15c9c51 elementor-hidden-desktop elementor-hidden-tablet elementor-hidden-mobile elementor-widget elementor-widget-toggle\" data-id=\"15c9c51\" data-element_type=\"widget\" data-e-type=\"widget\" data-widget_type=\"toggle.default\">\n\t\t\t\t<div class=\"elementor-widget-container\">\n\t\t\t\t\t\t\t<div class=\"elementor-toggle\">\n\t\t\t\t\t\t\t<div class=\"elementor-toggle-item\">\n\t\t\t\t\t<div id=\"elementor-tab-title-2281\" class=\"elementor-tab-title\" data-tab=\"1\" role=\"button\" aria-controls=\"elementor-tab-content-2281\" aria-expanded=\"false\">\n\t\t\t\t\t\t\t\t\t\t\t\t<span class=\"elementor-toggle-icon elementor-toggle-icon-left\" aria-hidden=\"true\">\n\t\t\t\t\t\t\t\t\t\t\t\t\t\t\t<span class=\"elementor-toggle-icon-closed\"><i class=\"fas fa-caret-right\"><\/i><\/span>\n\t\t\t\t\t\t\t\t<span class=\"elementor-toggle-icon-opened\"><i class=\"elementor-toggle-icon-opened fas fa-caret-up\"><\/i><\/span>\n\t\t\t\t\t\t\t\t\t\t\t\t\t<\/span>\n\t\t\t\t\t\t\t\t\t\t\t\t<a class=\"elementor-toggle-title\" tabindex=\"0\">MISS\u00c3O<\/a>\n\t\t\t\t\t<\/div>\n\n\t\t\t\t\t<div id=\"elementor-tab-content-2281\" class=\"elementor-tab-content elementor-clearfix\" data-tab=\"1\" role=\"region\" aria-labelledby=\"elementor-tab-title-2281\"><\/div>\n\t\t\t\t<\/div>\n\t\t\t\t\t\t\t<div class=\"elementor-toggle-item\">\n\t\t\t\t\t<div id=\"elementor-tab-title-2282\" class=\"elementor-tab-title\" data-tab=\"2\" role=\"button\" aria-controls=\"elementor-tab-content-2282\" aria-expanded=\"false\">\n\t\t\t\t\t\t\t\t\t\t\t\t<span class=\"elementor-toggle-icon elementor-toggle-icon-left\" aria-hidden=\"true\">\n\t\t\t\t\t\t\t\t\t\t\t\t\t\t\t<span class=\"elementor-toggle-icon-closed\"><i class=\"fas fa-caret-right\"><\/i><\/span>\n\t\t\t\t\t\t\t\t<span class=\"elementor-toggle-icon-opened\"><i class=\"elementor-toggle-icon-opened fas fa-caret-up\"><\/i><\/span>\n\t\t\t\t\t\t\t\t\t\t\t\t\t<\/span>\n\t\t\t\t\t\t\t\t\t\t\t\t<a class=\"elementor-toggle-title\" tabindex=\"0\">VALORES<\/a>\n\t\t\t\t\t<\/div>\n\n\t\t\t\t\t<div id=\"elementor-tab-content-2282\" class=\"elementor-tab-content elementor-clearfix\" data-tab=\"2\" role=\"region\" aria-labelledby=\"elementor-tab-title-2282\"><\/div>\n\t\t\t\t<\/div>\n\t\t\t\t\t\t\t<div class=\"elementor-toggle-item\">\n\t\t\t\t\t<div id=\"elementor-tab-title-2283\" class=\"elementor-tab-title\" data-tab=\"3\" role=\"button\" aria-controls=\"elementor-tab-content-2283\" aria-expanded=\"false\">\n\t\t\t\t\t\t\t\t\t\t\t\t<span class=\"elementor-toggle-icon elementor-toggle-icon-left\" aria-hidden=\"true\">\n\t\t\t\t\t\t\t\t\t\t\t\t\t\t\t<span class=\"elementor-toggle-icon-closed\"><i class=\"fas fa-caret-right\"><\/i><\/span>\n\t\t\t\t\t\t\t\t<span class=\"elementor-toggle-icon-opened\"><i class=\"elementor-toggle-icon-opened fas fa-caret-up\"><\/i><\/span>\n\t\t\t\t\t\t\t\t\t\t\t\t\t<\/span>\n\t\t\t\t\t\t\t\t\t\t\t\t<a class=\"elementor-toggle-title\" tabindex=\"0\">VIS\u00c3O DE FUTURO<\/a>\n\t\t\t\t\t<\/div>\n\n\t\t\t\t\t<div id=\"elementor-tab-content-2283\" class=\"elementor-tab-content elementor-clearfix\" data-tab=\"3\" role=\"region\" aria-labelledby=\"elementor-tab-title-2283\"><\/div>\n\t\t\t\t<\/div>\n\t\t\t\t\t\t\t\t<\/div>\n\t\t\t\t\t\t<\/div>\n\t\t\t\t<\/div>\n\t\t\t\t<div class=\"elementor-element elementor-element-9fd8f75 elementor-widget elementor-widget-heading\" data-id=\"9fd8f75\" data-element_type=\"widget\" data-e-type=\"widget\" data-widget_type=\"heading.default\">\n\t\t\t\t<div class=\"elementor-widget-container\">\n\t\t\t\t\t<h2 class=\"elementor-heading-title elementor-size-default\">DIFERENCIAL DE MERCADO<\/h2>\t\t\t\t<\/div>\n\t\t\t\t<\/div>\n\t\t\t\t<div class=\"elementor-element elementor-element-4dc0dcd elementor-widget elementor-widget-heading\" data-id=\"4dc0dcd\" data-element_type=\"widget\" data-e-type=\"widget\" data-widget_type=\"heading.default\">\n\t\t\t\t<div class=\"elementor-widget-container\">\n\t\t\t\t\t<h2 class=\"elementor-heading-title elementor-size-default\">Est\u00e1 na qualidade da presta\u00e7\u00e3o dos servi\u00e7os, consequ\u00eancia de um rigoroso processo seletivo, capacita\u00e7\u00e3o e valoriza\u00e7\u00e3o dos colaboradores, procedimentos operacionais padronizados e uma disciplina rigorosa\u00a0e\u00a0cont\u00ednua.<\/h2>\t\t\t\t<\/div>\n\t\t\t\t<\/div>\n\t\t\t\t<section class=\"elementor-section elementor-inner-section elementor-element elementor-element-736cd0b elementor-section-full_width elementor-section-height-default elementor-section-height-default wpr-particle-no wpr-jarallax-no wpr-parallax-no wpr-sticky-section-no\" data-id=\"736cd0b\" data-element_type=\"section\" data-e-type=\"section\">\n\t\t\t\t\t\t<div class=\"elementor-container elementor-column-gap-default\">\n\t\t\t\t\t<div class=\"elementor-column elementor-col-33 elementor-inner-column elementor-element elementor-element-b9ee691\" data-id=\"b9ee691\" data-element_type=\"column\" data-e-type=\"column\" data-settings=\"{&quot;background_background&quot;:&quot;classic&quot;}\">\n\t\t\t<div class=\"elementor-widget-wrap elementor-element-populated\">\n\t\t\t\t\t\t<div class=\"elementor-element elementor-element-46f4cc3 elementor-widget elementor-widget-counter\" data-id=\"46f4cc3\" data-element_type=\"widget\" data-e-type=\"widget\" data-widget_type=\"counter.default\">\n\t\t\t\t<div class=\"elementor-widget-container\">\n\t\t\t\t\t\t\t<div class=\"elementor-counter\">\n\t\t\t<div class=\"elementor-counter-title\">NA QUALIDADE DA PRESTA\u00c7\u00c3O DE SERVI\u00c7OS<\/div>\t\t\t<div class=\"elementor-counter-number-wrapper\">\n\t\t\t\t<span class=\"elementor-counter-number-prefix\"><\/span>\n\t\t\t\t<span class=\"elementor-counter-number\" data-duration=\"2000\" data-to-value=\"100\" data-from-value=\"0\" data-delimiter=\",\">0<\/span>\n\t\t\t\t<span class=\"elementor-counter-number-suffix\">%<\/span>\n\t\t\t<\/div>\n\t\t<\/div>\n\t\t\t\t\t\t<\/div>\n\t\t\t\t<\/div>\n\t\t\t\t\t<\/div>\n\t\t<\/div>\n\t\t\t\t<div class=\"elementor-column elementor-col-33 elementor-inner-column elementor-element elementor-element-d851317\" data-id=\"d851317\" data-element_type=\"column\" data-e-type=\"column\" data-settings=\"{&quot;background_background&quot;:&quot;classic&quot;}\">\n\t\t\t<div class=\"elementor-widget-wrap\">\n\t\t\t\t\t\t\t<\/div>\n\t\t<\/div>\n\t\t\t\t<div class=\"elementor-column elementor-col-33 elementor-inner-column elementor-element elementor-element-4c6d050\" data-id=\"4c6d050\" data-element_type=\"column\" data-e-type=\"column\" data-settings=\"{&quot;background_background&quot;:&quot;classic&quot;}\">\n\t\t\t<div class=\"elementor-widget-wrap elementor-element-populated\">\n\t\t\t\t\t\t<div class=\"elementor-element elementor-element-c9bbaaa elementor-widget elementor-widget-counter\" data-id=\"c9bbaaa\" data-element_type=\"widget\" data-e-type=\"widget\" data-widget_type=\"counter.default\">\n\t\t\t\t<div class=\"elementor-widget-container\">\n\t\t\t\t\t\t\t<div class=\"elementor-counter\">\n\t\t\t<div class=\"elementor-counter-title\">DOS CLIENTES INDICAM A GRADCON<\/div>\t\t\t<div class=\"elementor-counter-number-wrapper\">\n\t\t\t\t<span class=\"elementor-counter-number-prefix\"><\/span>\n\t\t\t\t<span class=\"elementor-counter-number\" data-duration=\"2000\" data-to-value=\"100\" data-from-value=\"0\">0<\/span>\n\t\t\t\t<span class=\"elementor-counter-number-suffix\">%<\/span>\n\t\t\t<\/div>\n\t\t<\/div>\n\t\t\t\t\t\t<\/div>\n\t\t\t\t<\/div>\n\t\t\t\t\t<\/div>\n\t\t<\/div>\n\t\t\t\t\t<\/div>\n\t\t<\/section>\n\t\t\t\t\t<\/div>\n\t\t<\/div>\n\t\t\t\t\t<\/div>\n\t\t<\/section>\n\t\t\t\t<\/div>\n\t\t","protected":false},"excerpt":{"rendered":"<p>A Gradcon 1995 1997 1999 2000 Em 1995 foi criada a Empresa GRADCON PRESTA\u00c7\u00c3O DE SERVI\u00c7OS, sediada no tradicional bairro do Piqueri, zona oeste da cidade de S\u00e3o Paulo, com a miss\u00e3o de prestar servi\u00e7os de portaria e rondas motorizadas no Condom\u00ednio Parque dos Pr\u00edncipes. Pela excel\u00eancia na presta\u00e7\u00e3o de servi\u00e7os, seus idealizadores criaram em 12 de Maio de 1997 a GRADCON SEGURAN\u00c7A PATRIMONIAL, sediada na Rua Ambr\u00f3sia do M\u00e9xico 216, no bairro Jardim Cidade Pirituba, em S\u00e3o Paulo, com a miss\u00e3o de realizar seguran\u00e7a patrimonial. A partir de 1999 passou a atuar na prote\u00e7\u00e3o do transporte de produtos com os servi\u00e7os de Escolta Armada, integrando projeto de seguran\u00e7a e escolta de eletr\u00f4nicos para S\u00e3o Paulo; no mesmo per\u00edodo passou a atuar na prote\u00e7\u00e3o da distribui\u00e7\u00e3o de cigarros pela empresa Souza Cruz em diversas comunidades das cidades de S\u00e3o Paulo e Regi\u00e3o, S\u00e3o Jos\u00e9 dos Campos e Litoral. A partir de 2000, iniciou a prote\u00e7\u00e3o de medicamentos, especializando-se desta forma nos servi\u00e7os de Escolta Armada. MISS\u00c3O A Gradcon tem como objetivo realizar a\u00e7\u00f5es legais de prote\u00e7\u00e3o pessoal e patrimonial, proporcionar o mais alto n\u00edvel de qualidade de seguran\u00e7a com postos patrimoniais e escolta armada. VALORES Comprometimento, seriedade, honestidade, credibilidade, disciplina, trabalho em equipe, respeito \u00e0 vida e dignidade humana e ao patrim\u00f4nio. VIS\u00c3O DE FUTURO Ser, de forma sustent\u00e1vel, a melhor empresa de escolta armada do Brasil, gerenciando todos os servi\u00e7os e riscos existentes nesta atividade, ampliando os postos de seguran\u00e7a patrimonial, respeitando sempre os preceitos \u00e9ticos e legais. MISS\u00c3O VALORES VIS\u00c3O DE FUTURO DIFERENCIAL DE MERCADO Est\u00e1 na qualidade da presta\u00e7\u00e3o dos servi\u00e7os, consequ\u00eancia de um rigoroso processo seletivo, capacita\u00e7\u00e3o e valoriza\u00e7\u00e3o dos colaboradores, procedimentos operacionais padronizados e uma disciplina rigorosa\u00a0e\u00a0cont\u00ednua. NA QUALIDADE DA PRESTA\u00c7\u00c3O DE SERVI\u00c7OS 0 % DOS CLIENTES INDICAM A GRADCON 0 %<\/p>\n","protected":false},"author":1,"featured_media":0,"parent":0,"menu_order":0,"comment_status":"closed","ping_status":"closed","template":"elementor_header_footer","meta":{"_joinchat":[],"footnotes":""},"class_list":["post-259","page","type-page","status-publish","hentry"],"_links":{"self":[{"href":"https:\/\/gradcon.com.br\/site\/wp-json\/wp\/v2\/pages\/259","targetHints":{"allow":["GET"]}}],"collection":[{"href":"https:\/\/gradcon.com.br\/site\/wp-json\/wp\/v2\/pages"}],"about":[{"href":"https:\/\/gradcon.com.br\/site\/wp-json\/wp\/v2\/types\/page"}],"author":[{"embeddable":true,"href":"https:\/\/gradcon.com.br\/site\/wp-json\/wp\/v2\/users\/1"}],"replies":[{"embeddable":true,"href":"https:\/\/gradcon.com.br\/site\/wp-json\/wp\/v2\/comments?post=259"}],"version-history":[{"count":3,"href":"https:\/\/gradcon.com.br\/site\/wp-json\/wp\/v2\/pages\/259\/revisions"}],"predecessor-version":[{"id":5238,"href":"https:\/\/gradcon.com.br\/site\/wp-json\/wp\/v2\/pages\/259\/revisions\/5238"}],"wp:attachment":[{"href":"https:\/\/gradcon.com.br\/site\/wp-json\/wp\/v2\/media?parent=259"}],"curies":[{"name":"wp","href":"https:\/\/api.w.org\/{rel}","templated":true}]}}